{"id":4087,"date":"2022-07-21T09:04:53","date_gmt":"2022-07-21T09:04:53","guid":{"rendered":"https:\/\/urboow.com\/?page_id=4087"},"modified":"2023-01-04T15:48:40","modified_gmt":"2023-01-04T15:48:40","slug":"food-beverage","status":"publish","type":"page","link":"https:\/\/urboow.com\/en\/food-beverage\/","title":{"rendered":"Food &#038; Beverage"},"content":{"rendered":"<div data-elementor-type=\"wp-page\" data-elementor-id=\"4087\" class=\"elementor elementor-4087\" data-elementor-settings=\"{&quot;ha_cmc_init_switcher&quot;:&quot;no&quot;}\">\n\t\t\t\t\t\t<section class=\"elementor-section elementor-top-section elementor-element elementor-element-face0d1 elementor-section-height-min-height elementor-section-boxed elementor-section-height-default elementor-section-items-middle\" data-id=\"face0d1\" data-element_type=\"section\" data-settings=\"{&quot;jet_parallax_layout_list&quot;:[],&quot;background_background&quot;:&quot;classic&quot;,&quot;_ha_eqh_enable&quot;:false}\">\n\t\t\t\t\t\t<div class=\"elementor-container elementor-column-gap-default\">\n\t\t\t\t\t<div class=\"elementor-column elementor-col-100 elementor-top-column elementor-element elementor-element-a5c919d\" data-id=\"a5c919d\" data-element_type=\"column\">\n\t\t\t<div class=\"elementor-widget-wrap elementor-element-populated\">\n\t\t\t\t\t\t<div class=\"elementor-element elementor-element-f71f125 elementor-widget elementor-widget-heading\" data-id=\"f71f125\" data-element_type=\"widget\" data-widget_type=\"heading.default\">\n\t\t\t\t<div class=\"elementor-widget-container\">\n\t\t\t<h2 class=\"elementor-heading-title elementor-size-default\">Coming Soon...<\/h2>\t\t<\/div>\n\t\t\t\t<\/div>\n\t\t\t\t\t<\/div>\n\t\t<\/div>\n\t\t\t\t\t<\/div>\n\t\t<\/section>\n\t\t\t\t<section class=\"elementor-section elementor-top-section elementor-element elementor-element-20950b4 elementor-section-boxed elementor-section-height-default elementor-section-height-default\" data-id=\"20950b4\" data-element_type=\"section\" data-settings=\"{&quot;jet_parallax_layout_list&quot;:[],&quot;_ha_eqh_enable&quot;:false}\">\n\t\t\t\t\t\t<div class=\"elementor-container elementor-column-gap-default\">\n\t\t\t\t\t<div class=\"elementor-column elementor-col-100 elementor-top-column elementor-element elementor-element-67a1ac0\" data-id=\"67a1ac0\" data-element_type=\"column\">\n\t\t\t<div class=\"elementor-widget-wrap elementor-element-populated\">\n\t\t\t\t\t\t<div class=\"elementor-element elementor-element-d634812 elementor-align-center elementor-widget elementor-widget-button\" data-id=\"d634812\" data-element_type=\"widget\" data-widget_type=\"button.default\">\n\t\t\t\t<div class=\"elementor-widget-container\">\n\t\t\t\t\t<div class=\"elementor-button-wrapper\">\n\t\t\t<a class=\"elementor-button elementor-button-link elementor-size-sm\" href=\"https:\/\/drive.google.com\/file\/d\/1-GtkHw624gXdjUa8wtc1spKOZISx_PJY\/view?usp=sharing\" target=\"_blank\">\n\t\t\t\t\t\t<span class=\"elementor-button-content-wrapper\">\n\t\t\t\t\t\t\t\t\t<span class=\"elementor-button-text\">Urboow Food &amp; Beverage Catalog<\/span>\n\t\t\t\t\t<\/span>\n\t\t\t\t\t<\/a>\n\t\t<\/div>\n\t\t\t\t<\/div>\n\t\t\t\t<\/div>\n\t\t\t\t\t<\/div>\n\t\t<\/div>\n\t\t\t\t\t<\/div>\n\t\t<\/section>\n\t\t\t\t<section class=\"elementor-section elementor-top-section elementor-element elementor-element-ee4c6c4 elementor-section-boxed elementor-section-height-default elementor-section-height-default\" data-id=\"ee4c6c4\" data-element_type=\"section\" data-settings=\"{&quot;jet_parallax_layout_list&quot;:[],&quot;_ha_eqh_enable&quot;:false}\">\n\t\t\t\t\t\t<div class=\"elementor-container elementor-column-gap-default\">\n\t\t\t\t\t<div class=\"elementor-column elementor-col-100 elementor-top-column elementor-element elementor-element-4eea2f3\" data-id=\"4eea2f3\" data-element_type=\"column\">\n\t\t\t<div class=\"elementor-widget-wrap elementor-element-populated\">\n\t\t\t\t\t\t<div class=\"elementor-element elementor-element-c5cd472 elementor-align-center elementor-widget elementor-widget-button\" data-id=\"c5cd472\" data-element_type=\"widget\" data-widget_type=\"button.default\">\n\t\t\t\t<div class=\"elementor-widget-container\">\n\t\t\t\t\t<div class=\"elementor-button-wrapper\">\n\t\t\t<a class=\"elementor-button elementor-button-link elementor-size-sm\" href=\"https:\/\/urboow.com\/welcome\/\">\n\t\t\t\t\t\t<span class=\"elementor-button-content-wrapper\">\n\t\t\t\t\t\t\t\t\t<span class=\"elementor-button-text\">Explore our other fields!<\/span>\n\t\t\t\t\t<\/span>\n\t\t\t\t\t<\/a>\n\t\t<\/div>\n\t\t\t\t<\/div>\n\t\t\t\t<\/div>\n\t\t\t\t\t<\/div>\n\t\t<\/div>\n\t\t\t\t\t<\/div>\n\t\t<\/section>\n\t\t\t\t<\/div>","protected":false},"excerpt":{"rendered":"<p>Coming Soon&#8230; Cat\u00e1logo Urboow Food &#038; Beverage Explore as nossas outras \u00e1reas!<\/p>","protected":false},"author":1,"featured_media":0,"parent":0,"menu_order":0,"comment_status":"closed","ping_status":"closed","template":"","meta":{"_monsterinsights_skip_tracking":false,"_monsterinsights_sitenote_active":false,"_monsterinsights_sitenote_note":"","_monsterinsights_sitenote_category":0,"footnotes":""},"class_list":["post-4087","page","type-page","status-publish","hentry"],"acf":[],"yoast_head":"<!-- This site is optimized with the Yoast SEO plugin v20.4 - https:\/\/yoast.com\/wordpress\/plugins\/seo\/ -->\n<title>Food &amp; Beverage Urboow Smart Living<\/title>\n<meta name=\"description\" content=\"A Urboow - Modular Construction \u00e9 um projeto que nasceu em 2015, por um grupo de profissionais que queria revolucionar a ideia de constru\u00e7\u00e3o modular.\" \/>\n<meta name=\"robots\" content=\"index, follow, max-snippet:-1, max-image-preview:large, max-video-preview:-1\" \/>\n<link rel=\"canonical\" href=\"https:\/\/urboow.com\/en\/food-beverage\/\" \/>\n<meta property=\"og:locale\" content=\"en_GB\" \/>\n<meta property=\"og:type\" content=\"article\" \/>\n<meta property=\"og:title\" content=\"Food &amp; Beverage Urboow Smart Living\" \/>\n<meta property=\"og:description\" content=\"A Urboow - Modular Construction \u00e9 um projeto que nasceu em 2015, por um grupo de profissionais que queria revolucionar a ideia de constru\u00e7\u00e3o modular.\" \/>\n<meta property=\"og:url\" content=\"https:\/\/urboow.com\/en\/food-beverage\/\" \/>\n<meta property=\"og:site_name\" content=\"Urboow Smart Living\" \/>\n<meta property=\"article:publisher\" content=\"https:\/\/www.facebook.com\/urboowsmartliving\/\" \/>\n<meta property=\"article:modified_time\" content=\"2023-01-04T15:48:40+00:00\" \/>\n<meta name=\"twitter:card\" content=\"summary_large_image\" \/>\n<meta name=\"twitter:label1\" content=\"Estimated reading time\" \/>\n\t<meta name=\"twitter:data1\" content=\"1 minute\" \/>\n<script type=\"application\/ld+json\" class=\"yoast-schema-graph\">{\"@context\":\"https:\/\/schema.org\",\"@graph\":[{\"@type\":\"WebPage\",\"@id\":\"https:\/\/urboow.com\/food-beverage\/\",\"url\":\"https:\/\/urboow.com\/food-beverage\/\",\"name\":\"Food & Beverage Urboow Smart Living\",\"isPartOf\":{\"@id\":\"https:\/\/urboow.com\/#website\"},\"datePublished\":\"2022-07-21T09:04:53+00:00\",\"dateModified\":\"2023-01-04T15:48:40+00:00\",\"description\":\"A Urboow - Modular Construction \u00e9 um projeto que nasceu em 2015, por um grupo de profissionais que queria revolucionar a ideia de constru\u00e7\u00e3o modular.\",\"breadcrumb\":{\"@id\":\"https:\/\/urboow.com\/food-beverage\/#breadcrumb\"},\"inLanguage\":\"en-GB\",\"potentialAction\":[{\"@type\":\"ReadAction\",\"target\":[\"https:\/\/urboow.com\/food-beverage\/\"]}]},{\"@type\":\"BreadcrumbList\",\"@id\":\"https:\/\/urboow.com\/food-beverage\/#breadcrumb\",\"itemListElement\":[{\"@type\":\"ListItem\",\"position\":1,\"name\":\"In\u00edcio\",\"item\":\"https:\/\/urboow.com\/\"},{\"@type\":\"ListItem\",\"position\":2,\"name\":\"Food &#038; Beverage\"}]},{\"@type\":\"WebSite\",\"@id\":\"https:\/\/urboow.com\/#website\",\"url\":\"https:\/\/urboow.com\/\",\"name\":\"Urboow Smart Living\",\"description\":\"Smart Living\",\"potentialAction\":[{\"@type\":\"SearchAction\",\"target\":{\"@type\":\"EntryPoint\",\"urlTemplate\":\"https:\/\/urboow.com\/?s={search_term_string}\"},\"query-input\":\"required name=search_term_string\"}],\"inLanguage\":\"en-GB\"}]}<\/script>\n<!-- \/ Yoast SEO plugin. -->","yoast_head_json":{"title":"Food & Beverage Urboow Smart Living","description":"A Urboow - Modular Construction \u00e9 um projeto que nasceu em 2015, por um grupo de profissionais que queria revolucionar a ideia de constru\u00e7\u00e3o modular.","robots":{"index":"index","follow":"follow","max-snippet":"max-snippet:-1","max-image-preview":"max-image-preview:large","max-video-preview":"max-video-preview:-1"},"canonical":"https:\/\/urboow.com\/en\/food-beverage\/","og_locale":"en_GB","og_type":"article","og_title":"Food & Beverage Urboow Smart Living","og_description":"A Urboow - Modular Construction \u00e9 um projeto que nasceu em 2015, por um grupo de profissionais que queria revolucionar a ideia de constru\u00e7\u00e3o modular.","og_url":"https:\/\/urboow.com\/en\/food-beverage\/","og_site_name":"Urboow Smart Living","article_publisher":"https:\/\/www.facebook.com\/urboowsmartliving\/","article_modified_time":"2023-01-04T15:48:40+00:00","twitter_card":"summary_large_image","twitter_misc":{"Estimated reading time":"1 minute"},"schema":{"@context":"https:\/\/schema.org","@graph":[{"@type":"WebPage","@id":"https:\/\/urboow.com\/food-beverage\/","url":"https:\/\/urboow.com\/food-beverage\/","name":"Food & Beverage Urboow Smart Living","isPartOf":{"@id":"https:\/\/urboow.com\/#website"},"datePublished":"2022-07-21T09:04:53+00:00","dateModified":"2023-01-04T15:48:40+00:00","description":"A Urboow - Modular Construction \u00e9 um projeto que nasceu em 2015, por um grupo de profissionais que queria revolucionar a ideia de constru\u00e7\u00e3o modular.","breadcrumb":{"@id":"https:\/\/urboow.com\/food-beverage\/#breadcrumb"},"inLanguage":"en-GB","potentialAction":[{"@type":"ReadAction","target":["https:\/\/urboow.com\/food-beverage\/"]}]},{"@type":"BreadcrumbList","@id":"https:\/\/urboow.com\/food-beverage\/#breadcrumb","itemListElement":[{"@type":"ListItem","position":1,"name":"In\u00edcio","item":"https:\/\/urboow.com\/"},{"@type":"ListItem","position":2,"name":"Food &#038; Beverage"}]},{"@type":"WebSite","@id":"https:\/\/urboow.com\/#website","url":"https:\/\/urboow.com\/","name":"Urboow Smart Living","description":"Smart Living","potentialAction":[{"@type":"SearchAction","target":{"@type":"EntryPoint","urlTemplate":"https:\/\/urboow.com\/?s={search_term_string}"},"query-input":"required name=search_term_string"}],"inLanguage":"en-GB"}]}},"_links":{"self":[{"href":"https:\/\/urboow.com\/en\/wp-json\/wp\/v2\/pages\/4087","targetHints":{"allow":["GET"]}}],"collection":[{"href":"https:\/\/urboow.com\/en\/wp-json\/wp\/v2\/pages"}],"about":[{"href":"https:\/\/urboow.com\/en\/wp-json\/wp\/v2\/types\/page"}],"author":[{"embeddable":true,"href":"https:\/\/urboow.com\/en\/wp-json\/wp\/v2\/users\/1"}],"replies":[{"embeddable":true,"href":"https:\/\/urboow.com\/en\/wp-json\/wp\/v2\/comments?post=4087"}],"version-history":[{"count":82,"href":"https:\/\/urboow.com\/en\/wp-json\/wp\/v2\/pages\/4087\/revisions"}],"predecessor-version":[{"id":4582,"href":"https:\/\/urboow.com\/en\/wp-json\/wp\/v2\/pages\/4087\/revisions\/4582"}],"wp:attachment":[{"href":"https:\/\/urboow.com\/en\/wp-json\/wp\/v2\/media?parent=4087"}],"curies":[{"name":"wp","href":"https:\/\/api.w.org\/{rel}","templated":true}]}}