{"id":4079,"date":"2022-07-21T08:59:34","date_gmt":"2022-07-21T08:59:34","guid":{"rendered":"https:\/\/urboow.com\/?page_id=4079"},"modified":"2022-11-21T10:00:57","modified_gmt":"2022-11-21T10:00:57","slug":"home-living","status":"publish","type":"page","link":"https:\/\/urboow.com\/en\/home-living\/","title":{"rendered":"Home Living"},"content":{"rendered":"<div data-elementor-type=\"wp-page\" data-elementor-id=\"4079\" class=\"elementor elementor-4079\" data-elementor-settings=\"{&quot;ha_cmc_init_switcher&quot;:&quot;no&quot;}\">\n\t\t\t\t\t\t<section class=\"elementor-section elementor-top-section elementor-element elementor-element-5f4e485 elementor-section-height-min-height elementor-section-boxed elementor-section-height-default elementor-section-items-middle\" data-id=\"5f4e485\" data-element_type=\"section\" data-settings=\"{&quot;jet_parallax_layout_list&quot;:[],&quot;background_background&quot;:&quot;classic&quot;,&quot;_ha_eqh_enable&quot;:false}\">\n\t\t\t\t\t\t<div class=\"elementor-container elementor-column-gap-default\">\n\t\t\t\t\t<div class=\"elementor-column elementor-col-100 elementor-top-column elementor-element elementor-element-0c2be04\" data-id=\"0c2be04\" data-element_type=\"column\">\n\t\t\t<div class=\"elementor-widget-wrap elementor-element-populated\">\n\t\t\t\t\t\t<div class=\"elementor-element elementor-element-8e2fb9b elementor-widget elementor-widget-heading\" data-id=\"8e2fb9b\" data-element_type=\"widget\" data-widget_type=\"heading.default\">\n\t\t\t\t<div class=\"elementor-widget-container\">\n\t\t\t<h2 class=\"elementor-heading-title elementor-size-default\">Coming Soon...<\/h2>\t\t<\/div>\n\t\t\t\t<\/div>\n\t\t\t\t\t<\/div>\n\t\t<\/div>\n\t\t\t\t\t<\/div>\n\t\t<\/section>\n\t\t\t\t<section class=\"elementor-section elementor-top-section elementor-element elementor-element-baa29a7 elementor-section-boxed elementor-section-height-default elementor-section-height-default\" data-id=\"baa29a7\" data-element_type=\"section\" data-settings=\"{&quot;jet_parallax_layout_list&quot;:[],&quot;_ha_eqh_enable&quot;:false}\">\n\t\t\t\t\t\t<div class=\"elementor-container elementor-column-gap-default\">\n\t\t\t\t\t<div class=\"elementor-column elementor-col-100 elementor-top-column elementor-element elementor-element-addb2e3\" data-id=\"addb2e3\" data-element_type=\"column\">\n\t\t\t<div class=\"elementor-widget-wrap elementor-element-populated\">\n\t\t\t\t\t\t<div class=\"elementor-element elementor-element-e456e3e elementor-align-center elementor-widget elementor-widget-button\" data-id=\"e456e3e\" data-element_type=\"widget\" data-widget_type=\"button.default\">\n\t\t\t\t<div class=\"elementor-widget-container\">\n\t\t\t\t\t<div class=\"elementor-button-wrapper\">\n\t\t\t<a class=\"elementor-button elementor-button-link elementor-size-sm\" href=\"https:\/\/urboow.com\/welcome\/\">\n\t\t\t\t\t\t<span class=\"elementor-button-content-wrapper\">\n\t\t\t\t\t\t\t\t\t<span class=\"elementor-button-text\">Explore our other fields!<\/span>\n\t\t\t\t\t<\/span>\n\t\t\t\t\t<\/a>\n\t\t<\/div>\n\t\t\t\t<\/div>\n\t\t\t\t<\/div>\n\t\t\t\t\t<\/div>\n\t\t<\/div>\n\t\t\t\t\t<\/div>\n\t\t<\/section>\n\t\t\t\t<\/div>","protected":false},"excerpt":{"rendered":"<p>Coming Soon&#8230; Explore as nossas outras \u00e1reas!<\/p>","protected":false},"author":1,"featured_media":0,"parent":0,"menu_order":0,"comment_status":"closed","ping_status":"closed","template":"","meta":{"_monsterinsights_skip_tracking":false,"_monsterinsights_sitenote_active":false,"_monsterinsights_sitenote_note":"","_monsterinsights_sitenote_category":0,"footnotes":""},"class_list":["post-4079","page","type-page","status-publish","hentry"],"acf":[],"yoast_head":"<!-- This site is optimized with the Yoast SEO plugin v20.4 - https:\/\/yoast.com\/wordpress\/plugins\/seo\/ -->\n<title>Home Living Urboow Smart Living<\/title>\n<meta name=\"description\" content=\"A Urboow - Modular Construction \u00e9 um projeto que nasceu em 2015, por um grupo de profissionais que queria revolucionar a ideia de constru\u00e7\u00e3o modular.\" \/>\n<meta name=\"robots\" content=\"index, follow, max-snippet:-1, max-image-preview:large, max-video-preview:-1\" \/>\n<link rel=\"canonical\" href=\"https:\/\/urboow.com\/en\/home-living\/\" \/>\n<meta property=\"og:locale\" content=\"en_GB\" \/>\n<meta property=\"og:type\" content=\"article\" \/>\n<meta property=\"og:title\" content=\"Home Living Urboow Smart Living\" \/>\n<meta property=\"og:description\" content=\"A Urboow - Modular Construction \u00e9 um projeto que nasceu em 2015, por um grupo de profissionais que queria revolucionar a ideia de constru\u00e7\u00e3o modular.\" \/>\n<meta property=\"og:url\" content=\"https:\/\/urboow.com\/en\/home-living\/\" \/>\n<meta property=\"og:site_name\" content=\"Urboow Smart Living\" \/>\n<meta property=\"article:publisher\" content=\"https:\/\/www.facebook.com\/urboowsmartliving\/\" \/>\n<meta property=\"article:modified_time\" content=\"2022-11-21T10:00:57+00:00\" \/>\n<meta name=\"twitter:card\" content=\"summary_large_image\" \/>\n<meta name=\"twitter:label1\" content=\"Estimated reading time\" \/>\n\t<meta name=\"twitter:data1\" content=\"1 minute\" \/>\n<script type=\"application\/ld+json\" class=\"yoast-schema-graph\">{\"@context\":\"https:\/\/schema.org\",\"@graph\":[{\"@type\":\"WebPage\",\"@id\":\"https:\/\/urboow.com\/home-living\/\",\"url\":\"https:\/\/urboow.com\/home-living\/\",\"name\":\"Home Living Urboow Smart Living\",\"isPartOf\":{\"@id\":\"https:\/\/urboow.com\/#website\"},\"datePublished\":\"2022-07-21T08:59:34+00:00\",\"dateModified\":\"2022-11-21T10:00:57+00:00\",\"description\":\"A Urboow - Modular Construction \u00e9 um projeto que nasceu em 2015, por um grupo de profissionais que queria revolucionar a ideia de constru\u00e7\u00e3o modular.\",\"breadcrumb\":{\"@id\":\"https:\/\/urboow.com\/home-living\/#breadcrumb\"},\"inLanguage\":\"en-GB\",\"potentialAction\":[{\"@type\":\"ReadAction\",\"target\":[\"https:\/\/urboow.com\/home-living\/\"]}]},{\"@type\":\"BreadcrumbList\",\"@id\":\"https:\/\/urboow.com\/home-living\/#breadcrumb\",\"itemListElement\":[{\"@type\":\"ListItem\",\"position\":1,\"name\":\"In\u00edcio\",\"item\":\"https:\/\/urboow.com\/\"},{\"@type\":\"ListItem\",\"position\":2,\"name\":\"Home Living\"}]},{\"@type\":\"WebSite\",\"@id\":\"https:\/\/urboow.com\/#website\",\"url\":\"https:\/\/urboow.com\/\",\"name\":\"Urboow Smart Living\",\"description\":\"Smart Living\",\"potentialAction\":[{\"@type\":\"SearchAction\",\"target\":{\"@type\":\"EntryPoint\",\"urlTemplate\":\"https:\/\/urboow.com\/?s={search_term_string}\"},\"query-input\":\"required name=search_term_string\"}],\"inLanguage\":\"en-GB\"}]}<\/script>\n<!-- \/ Yoast SEO plugin. -->","yoast_head_json":{"title":"Home Living Urboow Smart Living","description":"A Urboow - Modular Construction \u00e9 um projeto que nasceu em 2015, por um grupo de profissionais que queria revolucionar a ideia de constru\u00e7\u00e3o modular.","robots":{"index":"index","follow":"follow","max-snippet":"max-snippet:-1","max-image-preview":"max-image-preview:large","max-video-preview":"max-video-preview:-1"},"canonical":"https:\/\/urboow.com\/en\/home-living\/","og_locale":"en_GB","og_type":"article","og_title":"Home Living Urboow Smart Living","og_description":"A Urboow - Modular Construction \u00e9 um projeto que nasceu em 2015, por um grupo de profissionais que queria revolucionar a ideia de constru\u00e7\u00e3o modular.","og_url":"https:\/\/urboow.com\/en\/home-living\/","og_site_name":"Urboow Smart Living","article_publisher":"https:\/\/www.facebook.com\/urboowsmartliving\/","article_modified_time":"2022-11-21T10:00:57+00:00","twitter_card":"summary_large_image","twitter_misc":{"Estimated reading time":"1 minute"},"schema":{"@context":"https:\/\/schema.org","@graph":[{"@type":"WebPage","@id":"https:\/\/urboow.com\/home-living\/","url":"https:\/\/urboow.com\/home-living\/","name":"Home Living Urboow Smart Living","isPartOf":{"@id":"https:\/\/urboow.com\/#website"},"datePublished":"2022-07-21T08:59:34+00:00","dateModified":"2022-11-21T10:00:57+00:00","description":"A Urboow - Modular Construction \u00e9 um projeto que nasceu em 2015, por um grupo de profissionais que queria revolucionar a ideia de constru\u00e7\u00e3o modular.","breadcrumb":{"@id":"https:\/\/urboow.com\/home-living\/#breadcrumb"},"inLanguage":"en-GB","potentialAction":[{"@type":"ReadAction","target":["https:\/\/urboow.com\/home-living\/"]}]},{"@type":"BreadcrumbList","@id":"https:\/\/urboow.com\/home-living\/#breadcrumb","itemListElement":[{"@type":"ListItem","position":1,"name":"In\u00edcio","item":"https:\/\/urboow.com\/"},{"@type":"ListItem","position":2,"name":"Home Living"}]},{"@type":"WebSite","@id":"https:\/\/urboow.com\/#website","url":"https:\/\/urboow.com\/","name":"Urboow Smart Living","description":"Smart Living","potentialAction":[{"@type":"SearchAction","target":{"@type":"EntryPoint","urlTemplate":"https:\/\/urboow.com\/?s={search_term_string}"},"query-input":"required name=search_term_string"}],"inLanguage":"en-GB"}]}},"_links":{"self":[{"href":"https:\/\/urboow.com\/en\/wp-json\/wp\/v2\/pages\/4079","targetHints":{"allow":["GET"]}}],"collection":[{"href":"https:\/\/urboow.com\/en\/wp-json\/wp\/v2\/pages"}],"about":[{"href":"https:\/\/urboow.com\/en\/wp-json\/wp\/v2\/types\/page"}],"author":[{"embeddable":true,"href":"https:\/\/urboow.com\/en\/wp-json\/wp\/v2\/users\/1"}],"replies":[{"embeddable":true,"href":"https:\/\/urboow.com\/en\/wp-json\/wp\/v2\/comments?post=4079"}],"version-history":[{"count":50,"href":"https:\/\/urboow.com\/en\/wp-json\/wp\/v2\/pages\/4079\/revisions"}],"predecessor-version":[{"id":4538,"href":"https:\/\/urboow.com\/en\/wp-json\/wp\/v2\/pages\/4079\/revisions\/4538"}],"wp:attachment":[{"href":"https:\/\/urboow.com\/en\/wp-json\/wp\/v2\/media?parent=4079"}],"curies":[{"name":"wp","href":"https:\/\/api.w.org\/{rel}","templated":true}]}}