{"id":3906,"date":"2022-07-20T14:02:25","date_gmt":"2022-07-20T14:02:25","guid":{"rendered":"https:\/\/urboow.com\/?page_id=3906"},"modified":"2026-03-25T17:21:29","modified_gmt":"2026-03-25T17:21:29","slug":"welcome","status":"publish","type":"page","link":"https:\/\/urboow.com\/en\/","title":{"rendered":"Welcome"},"content":{"rendered":"<div data-elementor-type=\"wp-page\" data-elementor-id=\"3906\" class=\"elementor elementor-3906\" data-elementor-settings=\"{&quot;ha_cmc_init_switcher&quot;:&quot;no&quot;}\">\n\t\t\t\t\t\t<section class=\"elementor-section elementor-top-section elementor-element elementor-element-9747bc2 elementor-section-boxed elementor-section-height-default elementor-section-height-default\" data-id=\"9747bc2\" data-element_type=\"section\" data-settings=\"{&quot;jet_parallax_layout_list&quot;:[],&quot;background_background&quot;:&quot;classic&quot;}\">\n\t\t\t\t\t\t<div class=\"elementor-container elementor-column-gap-default\">\n\t\t\t\t\t<div class=\"elementor-column elementor-col-100 elementor-top-column elementor-element elementor-element-3d482c1\" data-id=\"3d482c1\" data-element_type=\"column\">\n\t\t\t<div class=\"elementor-widget-wrap elementor-element-populated\">\n\t\t\t\t\t\t<div class=\"jet-popup-target elementor-element elementor-element-7d59f47 e-transform elementor-invisible elementor-widget elementor-widget-image\" data-jet-popup=\"{&quot;attached-popup&quot;:&quot;jet-popup-4468&quot;,&quot;trigger-type&quot;:&quot;click-self&quot;,&quot;trigger-custom-selector&quot;:&quot;&quot;}\" data-id=\"7d59f47\" data-element_type=\"widget\" data-settings=\"{&quot;_animation&quot;:&quot;slideInUp&quot;,&quot;_animation_delay&quot;:100,&quot;_transform_scale_effect_hover&quot;:{&quot;unit&quot;:&quot;px&quot;,&quot;size&quot;:1.1,&quot;sizes&quot;:[]},&quot;_transform_scale_effect_hover_tablet&quot;:{&quot;unit&quot;:&quot;px&quot;,&quot;size&quot;:&quot;&quot;,&quot;sizes&quot;:[]},&quot;_transform_scale_effect_hover_mobile&quot;:{&quot;unit&quot;:&quot;px&quot;,&quot;size&quot;:&quot;&quot;,&quot;sizes&quot;:[]}}\" data-widget_type=\"image.default\">\n\t\t\t\t<div class=\"elementor-widget-container\">\n\t\t\t\t\t\t\t\t\t\t\t\t\t<img fetchpriority=\"high\" decoding=\"async\" width=\"1243\" height=\"477\" src=\"https:\/\/urboow.com\/wp-content\/uploads\/2022\/11\/Ativo-1.webp\" class=\"attachment-full size-full wp-image-4525\" alt=\"Urboow, Portugal - Logo Urboow Smart Living\" srcset=\"https:\/\/urboow.com\/wp-content\/uploads\/2022\/11\/Ativo-1.webp 1243w, https:\/\/urboow.com\/wp-content\/uploads\/2022\/11\/Ativo-1-300x115.webp 300w, https:\/\/urboow.com\/wp-content\/uploads\/2022\/11\/Ativo-1-1024x393.webp 1024w, https:\/\/urboow.com\/wp-content\/uploads\/2022\/11\/Ativo-1-768x295.webp 768w, https:\/\/urboow.com\/wp-content\/uploads\/2022\/11\/Ativo-1-18x7.webp 18w, https:\/\/urboow.com\/wp-content\/uploads\/2022\/11\/Ativo-1-24x9.webp 24w, https:\/\/urboow.com\/wp-content\/uploads\/2022\/11\/Ativo-1-36x14.webp 36w, https:\/\/urboow.com\/wp-content\/uploads\/2022\/11\/Ativo-1-48x18.webp 48w\" sizes=\"(max-width: 1243px) 100vw, 1243px\" \/>\t\t\t\t\t\t\t\t\t\t\t\t\t<\/div>\n\t\t\t\t<\/div>\n\t\t\t\t\t<\/div>\n\t\t<\/div>\n\t\t\t\t\t<\/div>\n\t\t<\/section>\n\t\t\t\t<section class=\"elementor-section elementor-top-section elementor-element elementor-element-eb510e8 elementor-section-full_width elementor-section-height-default elementor-section-height-default\" data-id=\"eb510e8\" data-element_type=\"section\" data-settings=\"{&quot;jet_parallax_layout_list&quot;:[],&quot;_ha_eqh_enable&quot;:false}\">\n\t\t\t\t\t\t<div class=\"elementor-container elementor-column-gap-default\">\n\t\t\t\t\t<div class=\"elementor-column elementor-col-50 elementor-top-column elementor-element elementor-element-c1aeb22\" data-id=\"c1aeb22\" data-element_type=\"column\">\n\t\t\t<div class=\"elementor-widget-wrap elementor-element-populated\">\n\t\t\t\t\t\t<div class=\"elementor-element elementor-element-f7b1e13 e-transform elementor-invisible elementor-widget elementor-widget-image\" data-id=\"f7b1e13\" data-element_type=\"widget\" data-settings=\"{&quot;_animation&quot;:&quot;slideInUp&quot;,&quot;_animation_delay&quot;:500,&quot;_transform_scale_effect_hover&quot;:{&quot;unit&quot;:&quot;px&quot;,&quot;size&quot;:1.1,&quot;sizes&quot;:[]},&quot;_transform_scale_effect_hover_tablet&quot;:{&quot;unit&quot;:&quot;px&quot;,&quot;size&quot;:&quot;&quot;,&quot;sizes&quot;:[]},&quot;_transform_scale_effect_hover_mobile&quot;:{&quot;unit&quot;:&quot;px&quot;,&quot;size&quot;:&quot;&quot;,&quot;sizes&quot;:[]}}\" data-widget_type=\"image.default\">\n\t\t\t\t<div class=\"elementor-widget-container\">\n\t\t\t\t\t\t\t\t\t\t\t\t\t\t<a href=\"https:\/\/urboowconstruction.com\/\">\n\t\t\t\t\t\t\t<img decoding=\"async\" width=\"1244\" height=\"483\" src=\"https:\/\/urboow.com\/wp-content\/uploads\/2022\/11\/Ativo-3.webp\" class=\"attachment-full size-full wp-image-4523\" alt=\"Urboow, Portugal - Urboow Construction\" srcset=\"https:\/\/urboow.com\/wp-content\/uploads\/2022\/11\/Ativo-3.webp 1244w, https:\/\/urboow.com\/wp-content\/uploads\/2022\/11\/Ativo-3-300x116.webp 300w, https:\/\/urboow.com\/wp-content\/uploads\/2022\/11\/Ativo-3-1024x398.webp 1024w, https:\/\/urboow.com\/wp-content\/uploads\/2022\/11\/Ativo-3-768x298.webp 768w, https:\/\/urboow.com\/wp-content\/uploads\/2022\/11\/Ativo-3-18x7.webp 18w, https:\/\/urboow.com\/wp-content\/uploads\/2022\/11\/Ativo-3-24x9.webp 24w, https:\/\/urboow.com\/wp-content\/uploads\/2022\/11\/Ativo-3-36x14.webp 36w, https:\/\/urboow.com\/wp-content\/uploads\/2022\/11\/Ativo-3-48x19.webp 48w\" sizes=\"(max-width: 1244px) 100vw, 1244px\" \/>\t\t\t\t\t\t\t\t<\/a>\n\t\t\t\t\t\t\t\t\t\t\t\t\t<\/div>\n\t\t\t\t<\/div>\n\t\t\t\t\t<\/div>\n\t\t<\/div>\n\t\t\t\t<div class=\"elementor-column elementor-col-50 elementor-top-column elementor-element elementor-element-af15770\" data-id=\"af15770\" data-element_type=\"column\">\n\t\t\t<div class=\"elementor-widget-wrap elementor-element-populated\">\n\t\t\t\t\t\t<div class=\"elementor-element elementor-element-ff8803f e-transform elementor-invisible elementor-widget elementor-widget-image\" data-id=\"ff8803f\" data-element_type=\"widget\" data-settings=\"{&quot;_animation&quot;:&quot;slideInUp&quot;,&quot;_animation_delay&quot;:900,&quot;_transform_scale_effect_hover&quot;:{&quot;unit&quot;:&quot;px&quot;,&quot;size&quot;:1.1,&quot;sizes&quot;:[]},&quot;_transform_scale_effect_hover_tablet&quot;:{&quot;unit&quot;:&quot;px&quot;,&quot;size&quot;:&quot;&quot;,&quot;sizes&quot;:[]},&quot;_transform_scale_effect_hover_mobile&quot;:{&quot;unit&quot;:&quot;px&quot;,&quot;size&quot;:&quot;&quot;,&quot;sizes&quot;:[]}}\" data-widget_type=\"image.default\">\n\t\t\t\t<div class=\"elementor-widget-container\">\n\t\t\t\t\t\t\t\t\t\t\t\t\t\t<a href=\"https:\/\/urbooweyewear.com\/\">\n\t\t\t\t\t\t\t<img decoding=\"async\" width=\"1245\" height=\"483\" src=\"https:\/\/urboow.com\/wp-content\/uploads\/2023\/03\/urboow-eyewear.png\" class=\"attachment-full size-full wp-image-4597\" alt=\"urboow eyewear\" srcset=\"https:\/\/urboow.com\/wp-content\/uploads\/2023\/03\/urboow-eyewear.png 1245w, https:\/\/urboow.com\/wp-content\/uploads\/2023\/03\/urboow-eyewear-300x116.png 300w, https:\/\/urboow.com\/wp-content\/uploads\/2023\/03\/urboow-eyewear-1024x397.png 1024w, https:\/\/urboow.com\/wp-content\/uploads\/2023\/03\/urboow-eyewear-768x298.png 768w, https:\/\/urboow.com\/wp-content\/uploads\/2023\/03\/urboow-eyewear-18x7.png 18w\" sizes=\"(max-width: 1245px) 100vw, 1245px\" \/>\t\t\t\t\t\t\t\t<\/a>\n\t\t\t\t\t\t\t\t\t\t\t\t\t<\/div>\n\t\t\t\t<\/div>\n\t\t\t\t\t<\/div>\n\t\t<\/div>\n\t\t\t\t\t<\/div>\n\t\t<\/section>\n\t\t\t\t<section class=\"elementor-section elementor-top-section elementor-element elementor-element-d30d6d7 elementor-section-full_width elementor-section-height-default elementor-section-height-default\" data-id=\"d30d6d7\" data-element_type=\"section\" data-settings=\"{&quot;jet_parallax_layout_list&quot;:[],&quot;_ha_eqh_enable&quot;:false}\">\n\t\t\t\t\t\t<div class=\"elementor-container elementor-column-gap-default\">\n\t\t\t\t\t<div class=\"elementor-column elementor-col-50 elementor-top-column elementor-element elementor-element-628c5a3\" data-id=\"628c5a3\" data-element_type=\"column\">\n\t\t\t<div class=\"elementor-widget-wrap elementor-element-populated\">\n\t\t\t\t\t\t<div class=\"elementor-element elementor-element-b2e9e08 e-transform elementor-invisible elementor-widget elementor-widget-image\" data-id=\"b2e9e08\" data-element_type=\"widget\" data-settings=\"{&quot;_animation&quot;:&quot;slideInUp&quot;,&quot;_animation_delay&quot;:1300,&quot;_transform_scale_effect_hover&quot;:{&quot;unit&quot;:&quot;px&quot;,&quot;size&quot;:1.1,&quot;sizes&quot;:[]},&quot;_transform_scale_effect_hover_tablet&quot;:{&quot;unit&quot;:&quot;px&quot;,&quot;size&quot;:&quot;&quot;,&quot;sizes&quot;:[]},&quot;_transform_scale_effect_hover_mobile&quot;:{&quot;unit&quot;:&quot;px&quot;,&quot;size&quot;:&quot;&quot;,&quot;sizes&quot;:[]}}\" data-widget_type=\"image.default\">\n\t\t\t\t<div class=\"elementor-widget-container\">\n\t\t\t\t\t\t\t\t\t\t\t\t\t\t<a href=\"https:\/\/urboowhome.com\">\n\t\t\t\t\t\t\t<img loading=\"lazy\" decoding=\"async\" width=\"2560\" height=\"1067\" src=\"https:\/\/urboow.com\/wp-content\/uploads\/2026\/03\/logoubh-scaled.png\" class=\"attachment-full size-full wp-image-4698\" alt=\"\" srcset=\"https:\/\/urboow.com\/wp-content\/uploads\/2026\/03\/logoubh-scaled.png 2560w, https:\/\/urboow.com\/wp-content\/uploads\/2026\/03\/logoubh-300x125.png 300w, https:\/\/urboow.com\/wp-content\/uploads\/2026\/03\/logoubh-1024x427.png 1024w, https:\/\/urboow.com\/wp-content\/uploads\/2026\/03\/logoubh-768x320.png 768w, https:\/\/urboow.com\/wp-content\/uploads\/2026\/03\/logoubh-1536x640.png 1536w, https:\/\/urboow.com\/wp-content\/uploads\/2026\/03\/logoubh-2048x854.png 2048w, https:\/\/urboow.com\/wp-content\/uploads\/2026\/03\/logoubh-18x8.png 18w\" sizes=\"(max-width: 2560px) 100vw, 2560px\" \/>\t\t\t\t\t\t\t\t<\/a>\n\t\t\t\t\t\t\t\t\t\t\t\t\t<\/div>\n\t\t\t\t<\/div>\n\t\t\t\t\t<\/div>\n\t\t<\/div>\n\t\t\t\t<div class=\"elementor-column elementor-col-50 elementor-top-column elementor-element elementor-element-b90d221\" data-id=\"b90d221\" data-element_type=\"column\">\n\t\t\t<div class=\"elementor-widget-wrap elementor-element-populated\">\n\t\t\t\t\t\t<div class=\"elementor-element elementor-element-3a51649 e-transform elementor-invisible elementor-widget elementor-widget-image\" data-id=\"3a51649\" data-element_type=\"widget\" data-settings=\"{&quot;_animation&quot;:&quot;slideInUp&quot;,&quot;_animation_delay&quot;:1700,&quot;_transform_scale_effect_hover&quot;:{&quot;unit&quot;:&quot;px&quot;,&quot;size&quot;:1.1,&quot;sizes&quot;:[]},&quot;_transform_scale_effect_hover_tablet&quot;:{&quot;unit&quot;:&quot;px&quot;,&quot;size&quot;:&quot;&quot;,&quot;sizes&quot;:[]},&quot;_transform_scale_effect_hover_mobile&quot;:{&quot;unit&quot;:&quot;px&quot;,&quot;size&quot;:&quot;&quot;,&quot;sizes&quot;:[]}}\" data-widget_type=\"image.default\">\n\t\t\t\t<div class=\"elementor-widget-container\">\n\t\t\t\t\t\t\t\t\t\t\t\t\t\t<a href=\"https:\/\/urboow.com\/en\/food-beverage\/\">\n\t\t\t\t\t\t\t<img loading=\"lazy\" decoding=\"async\" width=\"1258\" height=\"477\" src=\"https:\/\/urboow.com\/wp-content\/uploads\/2022\/11\/Ativo-7.webp\" class=\"attachment-full size-full wp-image-4521\" alt=\"Urboow, Portugal - Food &amp; Beverage\" srcset=\"https:\/\/urboow.com\/wp-content\/uploads\/2022\/11\/Ativo-7.webp 1258w, https:\/\/urboow.com\/wp-content\/uploads\/2022\/11\/Ativo-7-300x114.webp 300w, https:\/\/urboow.com\/wp-content\/uploads\/2022\/11\/Ativo-7-1024x388.webp 1024w, https:\/\/urboow.com\/wp-content\/uploads\/2022\/11\/Ativo-7-768x291.webp 768w, https:\/\/urboow.com\/wp-content\/uploads\/2022\/11\/Ativo-7-18x7.webp 18w, https:\/\/urboow.com\/wp-content\/uploads\/2022\/11\/Ativo-7-24x9.webp 24w, https:\/\/urboow.com\/wp-content\/uploads\/2022\/11\/Ativo-7-36x14.webp 36w, https:\/\/urboow.com\/wp-content\/uploads\/2022\/11\/Ativo-7-48x18.webp 48w\" sizes=\"(max-width: 1258px) 100vw, 1258px\" \/>\t\t\t\t\t\t\t\t<\/a>\n\t\t\t\t\t\t\t\t\t\t\t\t\t<\/div>\n\t\t\t\t<\/div>\n\t\t\t\t\t<\/div>\n\t\t<\/div>\n\t\t\t\t\t<\/div>\n\t\t<\/section>\n\t\t\t\t<\/div>","protected":false},"excerpt":{"rendered":"","protected":false},"author":1,"featured_media":0,"parent":0,"menu_order":0,"comment_status":"closed","ping_status":"closed","template":"","meta":{"_monsterinsights_skip_tracking":false,"_monsterinsights_sitenote_active":false,"_monsterinsights_sitenote_note":"","_monsterinsights_sitenote_category":0,"footnotes":""},"class_list":["post-3906","page","type-page","status-publish","hentry"],"acf":[],"yoast_head":"<!-- This site is optimized with the Yoast SEO plugin v20.4 - https:\/\/yoast.com\/wordpress\/plugins\/seo\/ -->\n<title>Welcome Urboow Smart Living<\/title>\n<meta name=\"description\" content=\"A Urboow - Modular Construction \u00e9 um projeto que nasceu em 2015, por um grupo de profissionais que queria revolucionar a ideia de constru\u00e7\u00e3o modular.\" \/>\n<meta name=\"robots\" content=\"index, follow, max-snippet:-1, max-image-preview:large, max-video-preview:-1\" \/>\n<link rel=\"canonical\" href=\"https:\/\/urboow.com\/en\/\" \/>\n<meta property=\"og:locale\" content=\"en_GB\" \/>\n<meta property=\"og:type\" content=\"article\" \/>\n<meta property=\"og:title\" content=\"Welcome Urboow Smart Living\" \/>\n<meta property=\"og:description\" content=\"A Urboow - Modular Construction \u00e9 um projeto que nasceu em 2015, por um grupo de profissionais que queria revolucionar a ideia de constru\u00e7\u00e3o modular.\" \/>\n<meta property=\"og:url\" content=\"https:\/\/urboow.com\/en\/\" \/>\n<meta property=\"og:site_name\" content=\"Urboow Smart Living\" \/>\n<meta property=\"article:publisher\" content=\"https:\/\/www.facebook.com\/urboowsmartliving\/\" \/>\n<meta property=\"article:modified_time\" content=\"2026-03-25T17:21:29+00:00\" \/>\n<meta property=\"og:image\" content=\"https:\/\/urboow.com\/wp-content\/uploads\/2022\/11\/Ativo-1.webp\" \/>\n<meta name=\"twitter:card\" content=\"summary_large_image\" \/>\n<meta name=\"twitter:label1\" content=\"Estimated reading time\" \/>\n\t<meta name=\"twitter:data1\" content=\"1 minute\" \/>\n<script type=\"application\/ld+json\" class=\"yoast-schema-graph\">{\"@context\":\"https:\/\/schema.org\",\"@graph\":[{\"@type\":\"WebPage\",\"@id\":\"https:\/\/urboow.com\/\",\"url\":\"https:\/\/urboow.com\/\",\"name\":\"Welcome Urboow Smart Living\",\"isPartOf\":{\"@id\":\"https:\/\/urboow.com\/#website\"},\"datePublished\":\"2022-07-20T14:02:25+00:00\",\"dateModified\":\"2026-03-25T17:21:29+00:00\",\"description\":\"A Urboow - Modular Construction \u00e9 um projeto que nasceu em 2015, por um grupo de profissionais que queria revolucionar a ideia de constru\u00e7\u00e3o modular.\",\"breadcrumb\":{\"@id\":\"https:\/\/urboow.com\/#breadcrumb\"},\"inLanguage\":\"en-GB\",\"potentialAction\":[{\"@type\":\"ReadAction\",\"target\":[\"https:\/\/urboow.com\/\"]}]},{\"@type\":\"BreadcrumbList\",\"@id\":\"https:\/\/urboow.com\/#breadcrumb\",\"itemListElement\":[{\"@type\":\"ListItem\",\"position\":1,\"name\":\"In\u00edcio\",\"item\":\"https:\/\/urboow.com\/\"},{\"@type\":\"ListItem\",\"position\":2,\"name\":\"Welcome\"}]},{\"@type\":\"WebSite\",\"@id\":\"https:\/\/urboow.com\/#website\",\"url\":\"https:\/\/urboow.com\/\",\"name\":\"Urboow Smart Living\",\"description\":\"Smart Living\",\"potentialAction\":[{\"@type\":\"SearchAction\",\"target\":{\"@type\":\"EntryPoint\",\"urlTemplate\":\"https:\/\/urboow.com\/?s={search_term_string}\"},\"query-input\":\"required name=search_term_string\"}],\"inLanguage\":\"en-GB\"}]}<\/script>\n<!-- \/ Yoast SEO plugin. -->","yoast_head_json":{"title":"Welcome Urboow Smart Living","description":"A Urboow - Modular Construction \u00e9 um projeto que nasceu em 2015, por um grupo de profissionais que queria revolucionar a ideia de constru\u00e7\u00e3o modular.","robots":{"index":"index","follow":"follow","max-snippet":"max-snippet:-1","max-image-preview":"max-image-preview:large","max-video-preview":"max-video-preview:-1"},"canonical":"https:\/\/urboow.com\/en\/","og_locale":"en_GB","og_type":"article","og_title":"Welcome Urboow Smart Living","og_description":"A Urboow - Modular Construction \u00e9 um projeto que nasceu em 2015, por um grupo de profissionais que queria revolucionar a ideia de constru\u00e7\u00e3o modular.","og_url":"https:\/\/urboow.com\/en\/","og_site_name":"Urboow Smart Living","article_publisher":"https:\/\/www.facebook.com\/urboowsmartliving\/","article_modified_time":"2026-03-25T17:21:29+00:00","og_image":[{"url":"https:\/\/urboow.com\/wp-content\/uploads\/2022\/11\/Ativo-1.webp"}],"twitter_card":"summary_large_image","twitter_misc":{"Estimated reading time":"1 minute"},"schema":{"@context":"https:\/\/schema.org","@graph":[{"@type":"WebPage","@id":"https:\/\/urboow.com\/","url":"https:\/\/urboow.com\/","name":"Welcome Urboow Smart Living","isPartOf":{"@id":"https:\/\/urboow.com\/#website"},"datePublished":"2022-07-20T14:02:25+00:00","dateModified":"2026-03-25T17:21:29+00:00","description":"A Urboow - Modular Construction \u00e9 um projeto que nasceu em 2015, por um grupo de profissionais que queria revolucionar a ideia de constru\u00e7\u00e3o modular.","breadcrumb":{"@id":"https:\/\/urboow.com\/#breadcrumb"},"inLanguage":"en-GB","potentialAction":[{"@type":"ReadAction","target":["https:\/\/urboow.com\/"]}]},{"@type":"BreadcrumbList","@id":"https:\/\/urboow.com\/#breadcrumb","itemListElement":[{"@type":"ListItem","position":1,"name":"In\u00edcio","item":"https:\/\/urboow.com\/"},{"@type":"ListItem","position":2,"name":"Welcome"}]},{"@type":"WebSite","@id":"https:\/\/urboow.com\/#website","url":"https:\/\/urboow.com\/","name":"Urboow Smart Living","description":"Smart Living","potentialAction":[{"@type":"SearchAction","target":{"@type":"EntryPoint","urlTemplate":"https:\/\/urboow.com\/?s={search_term_string}"},"query-input":"required name=search_term_string"}],"inLanguage":"en-GB"}]}},"_links":{"self":[{"href":"https:\/\/urboow.com\/en\/wp-json\/wp\/v2\/pages\/3906","targetHints":{"allow":["GET"]}}],"collection":[{"href":"https:\/\/urboow.com\/en\/wp-json\/wp\/v2\/pages"}],"about":[{"href":"https:\/\/urboow.com\/en\/wp-json\/wp\/v2\/types\/page"}],"author":[{"embeddable":true,"href":"https:\/\/urboow.com\/en\/wp-json\/wp\/v2\/users\/1"}],"replies":[{"embeddable":true,"href":"https:\/\/urboow.com\/en\/wp-json\/wp\/v2\/comments?post=3906"}],"version-history":[{"count":231,"href":"https:\/\/urboow.com\/en\/wp-json\/wp\/v2\/pages\/3906\/revisions"}],"predecessor-version":[{"id":4701,"href":"https:\/\/urboow.com\/en\/wp-json\/wp\/v2\/pages\/3906\/revisions\/4701"}],"wp:attachment":[{"href":"https:\/\/urboow.com\/en\/wp-json\/wp\/v2\/media?parent=3906"}],"curies":[{"name":"wp","href":"https:\/\/api.w.org\/{rel}","templated":true}]}}